{"id":48,"date":"2023-12-13T15:52:49","date_gmt":"2023-12-13T15:52:49","guid":{"rendered":"https:\/\/themexriver.com\/wp\/future\/?page_id=48"},"modified":"2026-01-30T12:29:53","modified_gmt":"2026-01-30T15:29:53","slug":"contacto","status":"publish","type":"page","link":"https:\/\/ingeagrosa.com\/hi\/contacto\/","title":{"rendered":"\u0938\u0902\u092a\u0930\u094d\u0915"},"content":{"rendered":"<div data-elementor-type=\"wp-page\" data-elementor-id=\"48\" class=\"elementor elementor-48\" data-elementor-post-type=\"page\">\n\t\t\t\t\t\t<section data-particle_enable=\"false\" data-particle-mobile-disabled=\"false\" class=\"elementor-section elementor-top-section elementor-element elementor-element-75e5693b elementor-section-boxed elementor-section-height-default elementor-section-height-default\" data-id=\"75e5693b\" data-element_type=\"section\" data-e-type=\"section\" data-settings=\"{&quot;ekit_has_onepagescroll_dot&quot;:&quot;yes&quot;}\">\n\t\t\t\t\t\t<div class=\"elementor-container elementor-column-gap-default\">\n\t\t\t\t\t<div class=\"elementor-column elementor-col-100 elementor-top-column elementor-element elementor-element-6fba3e76\" data-id=\"6fba3e76\" data-element_type=\"column\" data-e-type=\"column\">\n\t\t\t<div class=\"elementor-widget-wrap elementor-element-populated\">\n\t\t\t\t\t\t<div class=\"elementor-element elementor-element-f369f85 elementor-widget elementor-widget-tx_heading elh-el tx_heading\" data-id=\"f369f85\" data-element_type=\"widget\" data-e-type=\"widget\" data-settings=\"{&quot;design_style&quot;:&quot;style_1&quot;,&quot;ekit_we_effect_on&quot;:&quot;none&quot;}\" data-widget_type=\"tx_heading.default\">\n\t\t\t\t<div class=\"elementor-widget-container\">\n\t\t\t\t\t<div class=\"sec-title text-center\">\r\n    \r\n    <h1 class=\"tx-title sec-title_heading\">\u0939\u092e\u0938\u0947 \u0938\u0902\u092a\u0930\u094d\u0915 \u0915\u0930\u0947\u0902: Ingeagro SA \u092e\u0947\u0902 \u0905\u092d\u093f\u0928\u0935 \u0915\u0943\u0937\u093f \u0938\u092e\u093e\u0927\u093e\u0928\n<\/h1>    <\/div>\t\t\t\t<\/div>\n\t\t\t\t<\/div>\n\t\t\t\t\t<\/div>\n\t\t<\/div>\n\t\t\t\t\t<\/div>\n\t\t<\/section>\n\t\t\t\t<section data-particle_enable=\"false\" data-particle-mobile-disabled=\"false\" class=\"elementor-section elementor-top-section elementor-element elementor-element-4d6098ec elementor-section-boxed elementor-section-height-default elementor-section-height-default\" data-id=\"4d6098ec\" data-element_type=\"section\" data-e-type=\"section\" data-settings=\"{&quot;ekit_has_onepagescroll_dot&quot;:&quot;yes&quot;}\">\n\t\t\t\t\t\t<div class=\"elementor-container elementor-column-gap-default\">\n\t\t\t\t\t<div class=\"elementor-column elementor-col-33 elementor-top-column elementor-element elementor-element-67d7ad28\" data-id=\"67d7ad28\" data-element_type=\"column\" data-e-type=\"column\">\n\t\t\t<div class=\"elementor-widget-wrap elementor-element-populated\">\n\t\t\t\t\t\t<div class=\"elementor-element elementor-element-2cf37a36 elementor-view-default elementor-position-block-start elementor-mobile-position-block-start elementor-widget elementor-widget-icon-box\" data-id=\"2cf37a36\" data-element_type=\"widget\" data-e-type=\"widget\" data-settings=\"{&quot;ekit_we_effect_on&quot;:&quot;none&quot;}\" data-widget_type=\"icon-box.default\">\n\t\t\t\t<div class=\"elementor-widget-container\">\n\t\t\t\t\t\t\t<div class=\"elementor-icon-box-wrapper\">\n\n\t\t\t\t\t\t<div class=\"elementor-icon-box-icon\">\n\t\t\t\t<span  class=\"elementor-icon\">\n\t\t\t\t<i aria-hidden=\"true\" class=\"flaticon-email-3\"><\/i>\t\t\t\t<\/span>\n\t\t\t<\/div>\n\t\t\t\n\t\t\t\t\t\t<div class=\"elementor-icon-box-content\">\n\n\t\t\t\t\t\t\t\t\t<h3 class=\"elementor-icon-box-title\">\n\t\t\t\t\t\t<span  >\n\t\t\t\t\t\t\t\u0908\u092e\u0947\u0932\t\t\t\t\t\t<\/span>\n\t\t\t\t\t<\/h3>\n\t\t\t\t\n\t\t\t\t\t\t\t\t\t<p class=\"elementor-icon-box-description\">\n\t\t\t\t\t\tCONTACTO@INGEAGROSA.COM\t\t\t\t\t<\/p>\n\t\t\t\t\n\t\t\t<\/div>\n\t\t\t\n\t\t<\/div>\n\t\t\t\t\t\t<\/div>\n\t\t\t\t<\/div>\n\t\t\t\t\t<\/div>\n\t\t<\/div>\n\t\t\t\t<div class=\"elementor-column elementor-col-33 elementor-top-column elementor-element elementor-element-1df1a9f2\" data-id=\"1df1a9f2\" data-element_type=\"column\" data-e-type=\"column\">\n\t\t\t<div class=\"elementor-widget-wrap elementor-element-populated\">\n\t\t\t\t\t\t<div class=\"elementor-element elementor-element-5ca45203 elementor-view-default elementor-position-block-start elementor-mobile-position-block-start elementor-widget elementor-widget-icon-box\" data-id=\"5ca45203\" data-element_type=\"widget\" data-e-type=\"widget\" data-settings=\"{&quot;ekit_we_effect_on&quot;:&quot;none&quot;}\" data-widget_type=\"icon-box.default\">\n\t\t\t\t<div class=\"elementor-widget-container\">\n\t\t\t\t\t\t\t<div class=\"elementor-icon-box-wrapper\">\n\n\t\t\t\t\t\t<div class=\"elementor-icon-box-icon\">\n\t\t\t\t<span  class=\"elementor-icon\">\n\t\t\t\t<i aria-hidden=\"true\" class=\"flaticon-telephone\"><\/i>\t\t\t\t<\/span>\n\t\t\t<\/div>\n\t\t\t\n\t\t\t\t\t\t<div class=\"elementor-icon-box-content\">\n\n\t\t\t\t\t\t\t\t\t<h3 class=\"elementor-icon-box-title\">\n\t\t\t\t\t\t<span  >\n\t\t\t\t\t\t\t\u091f\u0947\u0932\u0940\u092b\u093c\u094b\u0928\t\t\t\t\t\t<\/span>\n\t\t\t\t\t<\/h3>\n\t\t\t\t\n\t\t\t\t\t\t\t\t\t<p class=\"elementor-icon-box-description\">\n\t\t\t\t\t\t+56 9 9542 8378\t\t\t\t\t<\/p>\n\t\t\t\t\n\t\t\t<\/div>\n\t\t\t\n\t\t<\/div>\n\t\t\t\t\t\t<\/div>\n\t\t\t\t<\/div>\n\t\t\t\t\t<\/div>\n\t\t<\/div>\n\t\t\t\t<div class=\"elementor-column elementor-col-33 elementor-top-column elementor-element elementor-element-641366a4\" data-id=\"641366a4\" data-element_type=\"column\" data-e-type=\"column\">\n\t\t\t<div class=\"elementor-widget-wrap elementor-element-populated\">\n\t\t\t\t\t\t<div class=\"elementor-element elementor-element-9b9eaf8 elementor-view-default elementor-position-block-start elementor-mobile-position-block-start elementor-widget elementor-widget-icon-box\" data-id=\"9b9eaf8\" data-element_type=\"widget\" data-e-type=\"widget\" data-settings=\"{&quot;ekit_we_effect_on&quot;:&quot;none&quot;}\" data-widget_type=\"icon-box.default\">\n\t\t\t\t<div class=\"elementor-widget-container\">\n\t\t\t\t\t\t\t<div class=\"elementor-icon-box-wrapper\">\n\n\t\t\t\t\t\t<div class=\"elementor-icon-box-icon\">\n\t\t\t\t<span  class=\"elementor-icon\">\n\t\t\t\t<i aria-hidden=\"true\" class=\"flaticon-location\"><\/i>\t\t\t\t<\/span>\n\t\t\t<\/div>\n\t\t\t\n\t\t\t\t\t\t<div class=\"elementor-icon-box-content\">\n\n\t\t\t\t\t\t\t\t\t<h3 class=\"elementor-icon-box-title\">\n\t\t\t\t\t\t<span  >\n\t\t\t\t\t\t\t\u092a\u0924\u093e\t\t\t\t\t\t<\/span>\n\t\t\t\t\t<\/h3>\n\t\t\t\t\n\t\t\t\t\t\t\t\t\t<p class=\"elementor-icon-box-description\">\n\t\t\t\t\t\t\u091f\u094d\u0930\u094b\u0928\u0915\u0932 \u0938\u0948\u0928 \u092a\u0947\u0921\u094d\u0930\u094b 2777 \u092a\u0948\u0930\u093e\u0921\u0947\u0930\u094b 3, \u0915\u094d\u0935\u093f\u0932\u094b\u091f\u093e, \u0935\u0932\u092a\u0930\u093f\u0938\u094b\t\t\t\t\t<\/p>\n\t\t\t\t\n\t\t\t<\/div>\n\t\t\t\n\t\t<\/div>\n\t\t\t\t\t\t<\/div>\n\t\t\t\t<\/div>\n\t\t\t\t\t<\/div>\n\t\t<\/div>\n\t\t\t\t\t<\/div>\n\t\t<\/section>\n\t\t\t\t<section data-particle_enable=\"false\" data-particle-mobile-disabled=\"false\" class=\"elementor-section elementor-top-section elementor-element elementor-element-7ebe97bb elementor-section-boxed elementor-section-height-default elementor-section-height-default\" data-id=\"7ebe97bb\" data-element_type=\"section\" data-e-type=\"section\" data-settings=\"{&quot;ekit_has_onepagescroll_dot&quot;:&quot;yes&quot;}\">\n\t\t\t\t\t\t<div class=\"elementor-container elementor-column-gap-default\">\n\t\t\t\t\t<div class=\"elementor-column elementor-col-100 elementor-top-column elementor-element elementor-element-18f4a3d6\" data-id=\"18f4a3d6\" data-element_type=\"column\" data-e-type=\"column\">\n\t\t\t<div class=\"elementor-widget-wrap elementor-element-populated\">\n\t\t\t\t\t\t<div class=\"elementor-element elementor-element-48e0add1 elementor-widget elementor-widget-tx_contact_form elh-el tx_contact_form\" data-id=\"48e0add1\" data-element_type=\"widget\" data-e-type=\"widget\" data-settings=\"{&quot;design_style&quot;:&quot;style_1&quot;,&quot;ekit_we_effect_on&quot;:&quot;none&quot;}\" data-widget_type=\"tx_contact_form.default\">\n\t\t\t\t<div class=\"elementor-widget-container\">\n\t\t\t\t\t<div class=\"contact-form_box\">\r\n        <h2>\u0939\u092e\u0947\u0902 \u0905\u092a\u0928\u093e \u0938\u0902\u0926\u0947\u0936 \u092d\u0947\u091c\u0947\u0902<\/h2>\r\n        <div class=\"default-form contact-form\">\r\n        \n<div class=\"wpcf7 no-js\" id=\"wpcf7-f736-o1\" lang=\"en-US\" dir=\"ltr\" data-wpcf7-id=\"736\">\n<div class=\"screen-reader-response\"><p role=\"status\" aria-live=\"polite\" aria-atomic=\"true\"><\/p> <ul><\/ul><\/div>\n<form action=\"\/hi\/wp-json\/wp\/v2\/pages\/48#wpcf7-f736-o1\" method=\"post\" class=\"wpcf7-form init elh-cf7-form\" aria-label=\"Contact form\" novalidate=\"novalidate\" data-status=\"init\" data-trp-original-action=\"\/hi\/wp-json\/wp\/v2\/pages\/48#wpcf7-f736-o1\">\n<fieldset class=\"hidden-fields-container\"><input type=\"hidden\" name=\"_wpcf7\" value=\"736\" \/><input type=\"hidden\" name=\"_wpcf7_version\" value=\"6.1.5\" \/><input type=\"hidden\" name=\"_wpcf7_locale\" value=\"en_US\" \/><input type=\"hidden\" name=\"_wpcf7_unit_tag\" value=\"wpcf7-f736-o1\" \/><input type=\"hidden\" name=\"_wpcf7_container_post\" value=\"0\" \/><input type=\"hidden\" name=\"_wpcf7_posted_data_hash\" value=\"\" \/>\n<\/fieldset>\n<div class=\"row clearfix\">\n\t<div class=\"form-group col-lg-6 col-md-6 col-sm-12\">\n\t\t<label>\u0928\u093e\u092e *<\/label>\n\t<span class=\"wpcf7-form-control-wrap\" data-name=\"text-314\"><input size=\"40\" maxlength=\"400\" class=\"wpcf7-form-control wpcf7-text wpcf7-validates-as-required\" aria-required=\"true\" aria-invalid=\"false\" placeholder=\"\u0928\u093e\u092e\" value=\"\" type=\"text\" name=\"text-314\" \/><\/span>\n\t<\/div>\n\t\n\t<div class=\"form-group col-lg-6 col-md-6 col-sm-12\">\n\t\t<label>\u0909\u092a\u0928\u093e\u092e *<\/label>\n\t<span class=\"wpcf7-form-control-wrap\" data-name=\"text-319\"><input size=\"40\" maxlength=\"400\" class=\"wpcf7-form-control wpcf7-text wpcf7-validates-as-required\" aria-required=\"true\" aria-invalid=\"false\" placeholder=\"\u0915\u0941\u0932\u0928\u093e\u092e\" value=\"\" type=\"text\" name=\"text-319\" \/><\/span>\n\n\t<\/div>\n\t\n\t<div class=\"form-group col-lg-6 col-md-6 col-sm-12\">\n\t\t<label>\u0908\u092e\u0947\u0932 *<\/label>\n\t\t<span class=\"wpcf7-form-control-wrap\" data-name=\"email-412\"><input size=\"40\" maxlength=\"400\" class=\"wpcf7-form-control wpcf7-email wpcf7-validates-as-required wpcf7-text wpcf7-validates-as-email\" aria-required=\"true\" aria-invalid=\"false\" placeholder=\"\u0908\u092e\u0947\u0932\" value=\"\" type=\"email\" name=\"email-412\" \/><\/span>\n\t<\/div>\n\n\t<div class=\"form-group col-lg-6 col-md-6 col-sm-12\">\n\t\t<label>\u0938\u0947\u0935\u093e\u090f\u0902 *<\/label>\n\t\t<span class=\"wpcf7-form-control-wrap\" data-name=\"text-546\"><input size=\"40\" maxlength=\"400\" class=\"wpcf7-form-control wpcf7-text wpcf7-validates-as-required\" aria-required=\"true\" aria-invalid=\"false\" placeholder=\"\u0938\u0947\u0935\u093e\u090f\u0902\" value=\"\" type=\"text\" name=\"text-546\" \/><\/span>\n\t<\/div>\n\n\t<div class=\"form-group col-lg-12 col-md-12 col-sm-12\">\n\t\t<label>\u0938\u0902\u0926\u0947\u0936 *<\/label>\n\t\t<span class=\"wpcf7-form-control-wrap\" data-name=\"textarea-263\"><textarea cols=\"40\" rows=\"10\" maxlength=\"2000\" class=\"wpcf7-form-control wpcf7-textarea wpcf7-validates-as-required\" aria-required=\"true\" aria-invalid=\"false\" placeholder=\"\u0905\u092a\u0928\u093e \u0938\u0902\u0926\u0947\u0936 \u092f\u0939\u093e\u0901 \u0932\u093f\u0916\u0947\u0902\" name=\"textarea-263\"><\/textarea><\/span>\n\t<\/div>\n\t\n\t<div class=\"form-group text-center col-lg-12 col-md-12 col-sm-12\">\n\t\t<button class=\"btn-style-one theme-btn\" type=\"submit\">\n\t\t\t<div class=\"btn-wrap\">\n\t\t\t\t<span class=\"text-one\">\u092d\u0947\u091c\u0928\u0947 \u0915\u0947 \u0932\u093f\u090f <i class=\"flaticon-arrow-pointing-to-right\"><\/i><\/span>\n\t\t\t\t<span class=\"text-two\">\u092d\u0947\u091c\u0928\u0947 \u0915\u0947 \u0932\u093f\u090f <i class=\"flaticon-arrow-pointing-to-right\"><\/i><\/span>\n\t\t\t<\/div>\n\t\t<\/button>\n\t<\/div>\n<\/div><div class=\"wpcf7-response-output\" aria-hidden=\"true\"><\/div>\n<input type=\"hidden\" name=\"trp-form-language\" value=\"hi\"\/><\/form>\n<\/div>\n    <\/div>\r\n<\/div>\t\t\t\t<\/div>\n\t\t\t\t<\/div>\n\t\t\t\t\t<\/div>\n\t\t<\/div>\n\t\t\t\t\t<\/div>\n\t\t<\/section>\n\t\t\t\t<section data-particle_enable=\"false\" data-particle-mobile-disabled=\"false\" class=\"elementor-section elementor-top-section elementor-element elementor-element-5770eaa7 elementor-section-full_width elementor-section-height-default elementor-section-height-default\" data-id=\"5770eaa7\" data-element_type=\"section\" data-e-type=\"section\" data-settings=\"{&quot;ekit_has_onepagescroll_dot&quot;:&quot;yes&quot;}\">\n\t\t\t\t\t\t<div class=\"elementor-container elementor-column-gap-default\">\n\t\t\t\t\t<div class=\"elementor-column elementor-col-100 elementor-top-column elementor-element elementor-element-39a1ecc9\" data-id=\"39a1ecc9\" data-element_type=\"column\" data-e-type=\"column\">\n\t\t\t<div class=\"elementor-widget-wrap elementor-element-populated\">\n\t\t\t\t\t\t<div class=\"elementor-element elementor-element-6d3ee3fc elementor-widget elementor-widget-google_maps\" data-id=\"6d3ee3fc\" data-element_type=\"widget\" data-e-type=\"widget\" data-settings=\"{&quot;ekit_we_effect_on&quot;:&quot;none&quot;}\" data-widget_type=\"google_maps.default\">\n\t\t\t\t<div class=\"elementor-widget-container\">\n\t\t\t\t\t\t\t<div class=\"elementor-custom-embed\">\n\t\t\t<iframe loading=\"lazy\"\n\t\t\t\t\tsrc=\"https:\/\/maps.google.com\/maps?q=Troncal%20San%20Pedro%202777%2C%20Quillota%2C%20Valpara%C3%ADso&#038;t=m&#038;z=14&#038;output=embed&#038;iwloc=near\"\n\t\t\t\t\ttitle=\"\u091f\u094d\u0930\u094b\u0928\u0915\u0932 \u0938\u0948\u0928 \u092a\u0947\u0921\u094d\u0930\u094b 2777, \u0915\u094d\u0935\u093f\u0932\u094b\u091f\u093e, \u0935\u093e\u0932\u092a\u0930\u093e\u0907\u0938\u094b\"\n\t\t\t\t\taria-label=\"\u091f\u094d\u0930\u094b\u0928\u0915\u0932 \u0938\u0948\u0928 \u092a\u0947\u0921\u094d\u0930\u094b 2777, \u0915\u094d\u0935\u093f\u0932\u094b\u091f\u093e, \u0935\u093e\u0932\u092a\u0930\u093e\u0907\u0938\u094b\"\n\t\t\t><\/iframe>\n\t\t<\/div>\n\t\t\t\t\t\t<\/div>\n\t\t\t\t<\/div>\n\t\t\t\t\t<\/div>\n\t\t<\/div>\n\t\t\t\t\t<\/div>\n\t\t<\/section>\n\t\t\t\t<\/div>","protected":false},"excerpt":{"rendered":"<p>Cont\u00e1ctanos: Soluciones Agr\u00edcolas Innovadoras en Ingeagro SA Email CONTACTO@INGEAGROSA.COM Tel\u00e9fono +56 9 9542 8378 Direcci\u00f3n Troncal San Pedro 2777 Paradero 3, Quillota, Valpara\u00edso Env\u00edanos tu mensaje Nombre * Apellido * Email * Servicios * Mensaje * Enviar Enviar<\/p>","protected":false},"author":2,"featured_media":0,"parent":0,"menu_order":0,"comment_status":"closed","ping_status":"closed","template":"elementor_header_footer","meta":{"inline_featured_image":false,"_joinchat":[],"footnotes":""},"class_list":["post-48","page","type-page","status-publish","hentry"],"yoast_head":"<!-- This site is optimized with the Yoast SEO plugin v27.5 - https:\/\/yoast.com\/product\/yoast-seo-wordpress\/ -->\n<title>Contacto Ingeagro SA: Con\u00e9ctate con Expertos en Tecnolog\u00eda Agr\u00edcola<\/title>\n<meta name=\"description\" content=\"Ponte en contacto con Ingeagro SA para consultas sobre nuestras soluciones tecnol\u00f3gicas avanzadas para la agricultura. Estamos aqu\u00ed para ayudarte a optimizar tus procesos agr\u00edcolas.\" \/>\n<meta name=\"robots\" content=\"index, follow, max-snippet:-1, max-image-preview:large, max-video-preview:-1\" \/>\n<link rel=\"canonical\" href=\"https:\/\/ingeagrosa.com\/hi\/contacto\/\" \/>\n<meta property=\"og:locale\" content=\"hi_IN\" \/>\n<meta property=\"og:type\" content=\"article\" \/>\n<meta property=\"og:title\" content=\"Contacto Ingeagro SA: Con\u00e9ctate con Expertos en Tecnolog\u00eda Agr\u00edcola\" \/>\n<meta property=\"og:description\" content=\"Ponte en contacto con Ingeagro SA para consultas sobre nuestras soluciones tecnol\u00f3gicas avanzadas para la agricultura. Estamos aqu\u00ed para ayudarte a optimizar tus procesos agr\u00edcolas.\" \/>\n<meta property=\"og:url\" content=\"https:\/\/ingeagrosa.com\/hi\/contacto\/\" \/>\n<meta property=\"og:site_name\" content=\"Ingeagro SA Desarrollo de soluciones tecnol\u00f3gicas\" \/>\n<meta property=\"article:modified_time\" content=\"2026-01-30T15:29:53+00:00\" \/>\n<meta name=\"twitter:card\" content=\"summary_large_image\" \/>\n<meta name=\"twitter:label1\" content=\"\u0905\u0928\u0941\u092e\u093e\u0928\u093f\u0924 \u092a\u0922\u093c\u0928\u0947 \u0915\u093e \u0938\u092e\u092f\" \/>\n\t<meta name=\"twitter:data1\" content=\"1 \u092e\u093f\u0928\u091f\" \/>\n<script type=\"application\/ld+json\" class=\"yoast-schema-graph\">{\"@context\":\"https:\\\/\\\/schema.org\",\"@graph\":[{\"@type\":\"WebPage\",\"@id\":\"https:\\\/\\\/ingeagrosa.com\\\/contacto\\\/\",\"url\":\"https:\\\/\\\/ingeagrosa.com\\\/contacto\\\/\",\"name\":\"Contacto Ingeagro SA: Con\u00e9ctate con Expertos en Tecnolog\u00eda Agr\u00edcola\",\"isPartOf\":{\"@id\":\"https:\\\/\\\/ingeagrosa.com\\\/#website\"},\"datePublished\":\"2023-12-13T15:52:49+00:00\",\"dateModified\":\"2026-01-30T15:29:53+00:00\",\"description\":\"Ponte en contacto con Ingeagro SA para consultas sobre nuestras soluciones tecnol\u00f3gicas avanzadas para la agricultura. Estamos aqu\u00ed para ayudarte a optimizar tus procesos agr\u00edcolas.\",\"breadcrumb\":{\"@id\":\"https:\\\/\\\/ingeagrosa.com\\\/contacto\\\/#breadcrumb\"},\"inLanguage\":\"hi-IN\",\"potentialAction\":[{\"@type\":\"ReadAction\",\"target\":[\"https:\\\/\\\/ingeagrosa.com\\\/contacto\\\/\"]}]},{\"@type\":\"BreadcrumbList\",\"@id\":\"https:\\\/\\\/ingeagrosa.com\\\/contacto\\\/#breadcrumb\",\"itemListElement\":[{\"@type\":\"ListItem\",\"position\":1,\"name\":\"Portada\",\"item\":\"https:\\\/\\\/ingeagrosa.com\\\/\"},{\"@type\":\"ListItem\",\"position\":2,\"name\":\"Contacto\"}]},{\"@type\":\"WebSite\",\"@id\":\"https:\\\/\\\/ingeagrosa.com\\\/#website\",\"url\":\"https:\\\/\\\/ingeagrosa.com\\\/\",\"name\":\"Ingeagro SA Desarrollo de soluciones tecnol\u00f3gicas\",\"description\":\"Redefine la protecci\u00f3n de cosechas y postcosecha con tecnolog\u00eda avanzada\",\"publisher\":{\"@id\":\"https:\\\/\\\/ingeagrosa.com\\\/#organization\"},\"potentialAction\":[{\"@type\":\"SearchAction\",\"target\":{\"@type\":\"EntryPoint\",\"urlTemplate\":\"https:\\\/\\\/ingeagrosa.com\\\/?s={search_term_string}\"},\"query-input\":{\"@type\":\"PropertyValueSpecification\",\"valueRequired\":true,\"valueName\":\"search_term_string\"}}],\"inLanguage\":\"hi-IN\"},{\"@type\":\"Organization\",\"@id\":\"https:\\\/\\\/ingeagrosa.com\\\/#organization\",\"name\":\"Ingeagro SA Desarrollo de soluciones tecnol\u00f3gicas\",\"url\":\"https:\\\/\\\/ingeagrosa.com\\\/\",\"logo\":{\"@type\":\"ImageObject\",\"inLanguage\":\"hi-IN\",\"@id\":\"https:\\\/\\\/ingeagrosa.com\\\/#\\\/schema\\\/logo\\\/image\\\/\",\"url\":\"https:\\\/\\\/ingeagrosa.com\\\/wp-content\\\/uploads\\\/2024\\\/05\\\/logocolor.svg\",\"contentUrl\":\"https:\\\/\\\/ingeagrosa.com\\\/wp-content\\\/uploads\\\/2024\\\/05\\\/logocolor.svg\",\"width\":566,\"height\":100,\"caption\":\"Ingeagro SA Desarrollo de soluciones tecnol\u00f3gicas\"},\"image\":{\"@id\":\"https:\\\/\\\/ingeagrosa.com\\\/#\\\/schema\\\/logo\\\/image\\\/\"},\"sameAs\":[\"https:\\\/\\\/www.linkedin.com\\\/company\\\/ingeagro_sa\\\/\",\"https:\\\/\\\/www.instagram.com\\\/ingeagro_sa\"]}]}<\/script>\n<!-- \/ Yoast SEO plugin. -->","yoast_head_json":{"title":"Contacto Ingeagro SA: Con\u00e9ctate con Expertos en Tecnolog\u00eda Agr\u00edcola","description":"Ponte en contacto con Ingeagro SA para consultas sobre nuestras soluciones tecnol\u00f3gicas avanzadas para la agricultura. Estamos aqu\u00ed para ayudarte a optimizar tus procesos agr\u00edcolas.","robots":{"index":"index","follow":"follow","max-snippet":"max-snippet:-1","max-image-preview":"max-image-preview:large","max-video-preview":"max-video-preview:-1"},"canonical":"https:\/\/ingeagrosa.com\/hi\/contacto\/","og_locale":"hi_IN","og_type":"article","og_title":"Contacto Ingeagro SA: Con\u00e9ctate con Expertos en Tecnolog\u00eda Agr\u00edcola","og_description":"Ponte en contacto con Ingeagro SA para consultas sobre nuestras soluciones tecnol\u00f3gicas avanzadas para la agricultura. Estamos aqu\u00ed para ayudarte a optimizar tus procesos agr\u00edcolas.","og_url":"https:\/\/ingeagrosa.com\/hi\/contacto\/","og_site_name":"Ingeagro SA Desarrollo de soluciones tecnol\u00f3gicas","article_modified_time":"2026-01-30T15:29:53+00:00","twitter_card":"summary_large_image","twitter_misc":{"\u0905\u0928\u0941\u092e\u093e\u0928\u093f\u0924 \u092a\u0922\u093c\u0928\u0947 \u0915\u093e \u0938\u092e\u092f":"1 \u092e\u093f\u0928\u091f"},"schema":{"@context":"https:\/\/schema.org","@graph":[{"@type":"WebPage","@id":"https:\/\/ingeagrosa.com\/contacto\/","url":"https:\/\/ingeagrosa.com\/contacto\/","name":"Contacto Ingeagro SA: Con\u00e9ctate con Expertos en Tecnolog\u00eda Agr\u00edcola","isPartOf":{"@id":"https:\/\/ingeagrosa.com\/#website"},"datePublished":"2023-12-13T15:52:49+00:00","dateModified":"2026-01-30T15:29:53+00:00","description":"Ponte en contacto con Ingeagro SA para consultas sobre nuestras soluciones tecnol\u00f3gicas avanzadas para la agricultura. Estamos aqu\u00ed para ayudarte a optimizar tus procesos agr\u00edcolas.","breadcrumb":{"@id":"https:\/\/ingeagrosa.com\/contacto\/#breadcrumb"},"inLanguage":"hi-IN","potentialAction":[{"@type":"ReadAction","target":["https:\/\/ingeagrosa.com\/contacto\/"]}]},{"@type":"BreadcrumbList","@id":"https:\/\/ingeagrosa.com\/contacto\/#breadcrumb","itemListElement":[{"@type":"ListItem","position":1,"name":"Portada","item":"https:\/\/ingeagrosa.com\/"},{"@type":"ListItem","position":2,"name":"Contacto"}]},{"@type":"WebSite","@id":"https:\/\/ingeagrosa.com\/#website","url":"https:\/\/ingeagrosa.com\/","name":"Ingeagro SA Desarrollo de soluciones tecnol\u00f3gicas","description":"Redefine la protecci\u00f3n de cosechas y postcosecha con tecnolog\u00eda avanzada","publisher":{"@id":"https:\/\/ingeagrosa.com\/#organization"},"potentialAction":[{"@type":"SearchAction","target":{"@type":"EntryPoint","urlTemplate":"https:\/\/ingeagrosa.com\/?s={search_term_string}"},"query-input":{"@type":"PropertyValueSpecification","valueRequired":true,"valueName":"search_term_string"}}],"inLanguage":"hi-IN"},{"@type":"Organization","@id":"https:\/\/ingeagrosa.com\/#organization","name":"Ingeagro SA Desarrollo de soluciones tecnol\u00f3gicas","url":"https:\/\/ingeagrosa.com\/","logo":{"@type":"ImageObject","inLanguage":"hi-IN","@id":"https:\/\/ingeagrosa.com\/#\/schema\/logo\/image\/","url":"https:\/\/ingeagrosa.com\/wp-content\/uploads\/2024\/05\/logocolor.svg","contentUrl":"https:\/\/ingeagrosa.com\/wp-content\/uploads\/2024\/05\/logocolor.svg","width":566,"height":100,"caption":"Ingeagro SA Desarrollo de soluciones tecnol\u00f3gicas"},"image":{"@id":"https:\/\/ingeagrosa.com\/#\/schema\/logo\/image\/"},"sameAs":["https:\/\/www.linkedin.com\/company\/ingeagro_sa\/","https:\/\/www.instagram.com\/ingeagro_sa"]}]}},"_links":{"self":[{"href":"https:\/\/ingeagrosa.com\/hi\/wp-json\/wp\/v2\/pages\/48","targetHints":{"allow":["GET"]}}],"collection":[{"href":"https:\/\/ingeagrosa.com\/hi\/wp-json\/wp\/v2\/pages"}],"about":[{"href":"https:\/\/ingeagrosa.com\/hi\/wp-json\/wp\/v2\/types\/page"}],"author":[{"embeddable":true,"href":"https:\/\/ingeagrosa.com\/hi\/wp-json\/wp\/v2\/users\/2"}],"replies":[{"embeddable":true,"href":"https:\/\/ingeagrosa.com\/hi\/wp-json\/wp\/v2\/comments?post=48"}],"version-history":[{"count":1,"href":"https:\/\/ingeagrosa.com\/hi\/wp-json\/wp\/v2\/pages\/48\/revisions"}],"predecessor-version":[{"id":5599,"href":"https:\/\/ingeagrosa.com\/hi\/wp-json\/wp\/v2\/pages\/48\/revisions\/5599"}],"wp:attachment":[{"href":"https:\/\/ingeagrosa.com\/hi\/wp-json\/wp\/v2\/media?parent=48"}],"curies":[{"name":"wp","href":"https:\/\/api.w.org\/{rel}","templated":true}]}}