{"id":5506,"date":"2026-01-12T10:59:03","date_gmt":"2026-01-12T13:59:03","guid":{"rendered":"https:\/\/ingeagrosa.com\/?page_id=5506"},"modified":"2026-02-19T15:27:51","modified_gmt":"2026-02-19T18:27:51","slug":"nosotros","status":"publish","type":"page","link":"https:\/\/ingeagrosa.com\/en\/nosotros\/","title":{"rendered":"About Us"},"content":{"rendered":"<div data-elementor-type=\"wp-page\" data-elementor-id=\"5506\" class=\"elementor elementor-5506\" data-elementor-post-type=\"page\">\n\t\t\t\t<div data-particle_enable=\"false\" data-particle-mobile-disabled=\"false\" class=\"elementor-element elementor-element-4e0c9b1 e-flex e-con-boxed e-con e-parent\" data-id=\"4e0c9b1\" data-element_type=\"container\" data-e-type=\"container\" data-settings=\"{&quot;ekit_has_onepagescroll_dot&quot;:&quot;yes&quot;}\">\n\t\t\t\t\t<div class=\"e-con-inner\">\n\t\t\t\t<div class=\"elementor-element elementor-element-6129c37 elementor-widget elementor-widget-heading\" data-id=\"6129c37\" data-element_type=\"widget\" data-e-type=\"widget\" data-settings=\"{&quot;ekit_we_effect_on&quot;:&quot;none&quot;}\" data-widget_type=\"heading.default\">\n\t\t\t\t<div class=\"elementor-widget-container\">\n\t\t\t\t\t<h1 class=\"elementor-heading-title elementor-size-default\">Who we are<\/h1>\t\t\t\t<\/div>\n\t\t\t\t<\/div>\n\t\t\t\t\t<\/div>\n\t\t\t\t<\/div>\n\t\t<div data-particle_enable=\"false\" data-particle-mobile-disabled=\"false\" class=\"elementor-element elementor-element-a805c01 e-flex e-con-boxed e-con e-parent\" data-id=\"a805c01\" data-element_type=\"container\" data-e-type=\"container\" data-settings=\"{&quot;ekit_has_onepagescroll_dot&quot;:&quot;yes&quot;}\">\n\t\t\t\t\t<div class=\"e-con-inner\">\n\t\t\t\t<div class=\"elementor-element elementor-element-b24957c elementor-widget__width-inherit elementor-widget elementor-widget-text-editor\" data-id=\"b24957c\" data-element_type=\"widget\" data-e-type=\"widget\" data-settings=\"{&quot;ekit_we_effect_on&quot;:&quot;none&quot;}\" data-widget_type=\"text-editor.default\">\n\t\t\t\t<div class=\"elementor-widget-container\">\n\t\t\t\t\t\t\t\t\t<p>In <strong>Ingeagro S.A.<\/strong>We are a multidisciplinary team led by engineers and electronics technicians passionate about technological transformation. With a solid track record in the agribusiness and healthcare sectors, we specialize in turning complex challenges into efficient solutions.<\/p><p>We don't just integrate systems; <strong>We create technology<\/strong>We control the entire value chain: from research and design to manufacturing and continuous improvement. This allows us to deliver robust and traceable tools that adapt to the realities of each market, ensuring our clients are always one step ahead.<\/p>\t\t\t\t\t\t\t\t<\/div>\n\t\t\t\t<\/div>\n\t\t\t\t<div class=\"elementor-element elementor-element-1ce6e35 elementor-widget elementor-widget-image\" data-id=\"1ce6e35\" data-element_type=\"widget\" data-e-type=\"widget\" data-settings=\"{&quot;ekit_we_effect_on&quot;:&quot;none&quot;}\" data-widget_type=\"image.default\">\n\t\t\t\t<div class=\"elementor-widget-container\">\n\t\t\t\t\t\t\t\t\t\t\t\t\t\t\t<img fetchpriority=\"high\" decoding=\"async\" width=\"640\" height=\"537\" src=\"https:\/\/ingeagrosa.com\/wp-content\/uploads\/2026\/02\/equipo.png\" class=\"attachment-large size-large wp-image-5691\" alt=\"\" srcset=\"https:\/\/ingeagrosa.com\/wp-content\/uploads\/2026\/02\/equipo.png 940w, https:\/\/ingeagrosa.com\/wp-content\/uploads\/2026\/02\/equipo-300x251.png 300w, https:\/\/ingeagrosa.com\/wp-content\/uploads\/2026\/02\/equipo-768x644.png 768w, https:\/\/ingeagrosa.com\/wp-content\/uploads\/2026\/02\/equipo-14x12.png 14w\" sizes=\"(max-width: 640px) 100vw, 640px\" \/>\t\t\t\t\t\t\t\t\t\t\t\t\t\t\t<\/div>\n\t\t\t\t<\/div>\n\t\t\t\t\t<\/div>\n\t\t\t\t<\/div>\n\t\t<div data-particle_enable=\"false\" data-particle-mobile-disabled=\"false\" class=\"elementor-element elementor-element-af15f97 e-flex e-con-boxed e-con e-parent\" data-id=\"af15f97\" data-element_type=\"container\" data-e-type=\"container\" data-settings=\"{&quot;ekit_has_onepagescroll_dot&quot;:&quot;yes&quot;}\">\n\t\t\t\t\t<div class=\"e-con-inner\">\n\t\t<div data-particle_enable=\"false\" data-particle-mobile-disabled=\"false\" class=\"elementor-element elementor-element-72a0ead e-con-full e-flex e-con e-child\" data-id=\"72a0ead\" data-element_type=\"container\" data-e-type=\"container\" data-settings=\"{&quot;ekit_has_onepagescroll_dot&quot;:&quot;yes&quot;}\">\n\t\t\t\t<div class=\"elementor-element elementor-element-e80695b elementor-widget elementor-widget-heading\" data-id=\"e80695b\" data-element_type=\"widget\" data-e-type=\"widget\" data-settings=\"{&quot;ekit_we_effect_on&quot;:&quot;none&quot;}\" data-widget_type=\"heading.default\">\n\t\t\t\t<div class=\"elementor-widget-container\">\n\t\t\t\t\t<h5 class=\"elementor-heading-title elementor-size-default\">Our Mission <\/h5>\t\t\t\t<\/div>\n\t\t\t\t<\/div>\n\t\t\t\t<div class=\"elementor-element elementor-element-1a05a63 elementor-widget elementor-widget-text-editor\" data-id=\"1a05a63\" data-element_type=\"widget\" data-e-type=\"widget\" data-settings=\"{&quot;ekit_we_effect_on&quot;:&quot;none&quot;}\" data-widget_type=\"text-editor.default\">\n\t\t\t\t<div class=\"elementor-widget-container\">\n\t\t\t\t\t\t\t\t\t<p>Boosting the competitiveness of the agricultural, industrial, and healthcare sectors through the development of cutting-edge technological solutions. At Ingeagro SA, we optimize operational safety and raise the quality standards of our clients, integrating precision engineering to create more efficient processes. <strong>sustainable, traceable and profitable.<\/strong><\/p>\t\t\t\t\t\t\t\t<\/div>\n\t\t\t\t<\/div>\n\t\t\t\t<\/div>\n\t\t<div data-particle_enable=\"false\" data-particle-mobile-disabled=\"false\" class=\"elementor-element elementor-element-716ad67 e-con-full e-flex e-con e-child\" data-id=\"716ad67\" data-element_type=\"container\" data-e-type=\"container\" data-settings=\"{&quot;ekit_has_onepagescroll_dot&quot;:&quot;yes&quot;}\">\n\t\t\t\t<div class=\"elementor-element elementor-element-79b7dfe elementor-widget elementor-widget-heading\" data-id=\"79b7dfe\" data-element_type=\"widget\" data-e-type=\"widget\" data-settings=\"{&quot;ekit_we_effect_on&quot;:&quot;none&quot;}\" data-widget_type=\"heading.default\">\n\t\t\t\t<div class=\"elementor-widget-container\">\n\t\t\t\t\t<h5 class=\"elementor-heading-title elementor-size-default\">Our Vision <\/h5>\t\t\t\t<\/div>\n\t\t\t\t<\/div>\n\t\t\t\t<div class=\"elementor-element elementor-element-c08a2ab elementor-widget elementor-widget-text-editor\" data-id=\"c08a2ab\" data-element_type=\"widget\" data-e-type=\"widget\" data-settings=\"{&quot;ekit_we_effect_on&quot;:&quot;none&quot;}\" data-widget_type=\"text-editor.default\">\n\t\t\t\t<div class=\"elementor-widget-container\">\n\t\t\t\t\t\t\t\t\t<p>To consolidate our position as global leaders in technological innovation for the food and healthcare industries. We aspire to be the <strong>strategic partner<\/strong> Internationally recognized for our adaptability, technical excellence, and for leading the transition to a smarter and more environmentally responsible industry.<\/p>\t\t\t\t\t\t\t\t<\/div>\n\t\t\t\t<\/div>\n\t\t\t\t<\/div>\n\t\t\t\t\t<\/div>\n\t\t\t\t<\/div>\n\t\t\t\t<\/div>","protected":false},"excerpt":{"rendered":"<p>Qui\u00e9nes somos En Ingeagro S.A., somos un equipo multidisciplinario liderado por ingenieros y t\u00e9cnicos electr\u00f3nicos apasionados por la transformaci\u00f3n tecnol\u00f3gica. Con una trayectoria consolidada en la agroindustria y el sector sanitario, nos especializamos en convertir desaf\u00edos complejos en soluciones eficientes. No solo integramos sistemas; creamos tecnolog\u00eda. Controlamos todo el ciclo de valor: desde la investigaci\u00f3n [&hellip;]<\/p>\n","protected":false},"author":2,"featured_media":0,"parent":0,"menu_order":0,"comment_status":"closed","ping_status":"closed","template":"elementor_header_footer","meta":{"inline_featured_image":false,"_joinchat":[],"footnotes":""},"class_list":["post-5506","page","type-page","status-publish","hentry"],"yoast_head":"<!-- This site is optimized with the Yoast SEO plugin v27.4 - https:\/\/yoast.com\/product\/yoast-seo-wordpress\/ -->\n<title>Nosotros - Ingeagro SA Desarrollo de soluciones tecnol\u00f3gicas<\/title>\n<meta name=\"robots\" content=\"index, follow, max-snippet:-1, max-image-preview:large, max-video-preview:-1\" \/>\n<link rel=\"canonical\" href=\"https:\/\/ingeagrosa.com\/en\/nosotros\/\" \/>\n<meta property=\"og:locale\" content=\"en_US\" \/>\n<meta property=\"og:type\" content=\"article\" \/>\n<meta property=\"og:title\" content=\"Nosotros - Ingeagro SA Desarrollo de soluciones tecnol\u00f3gicas\" \/>\n<meta property=\"og:description\" content=\"Qui\u00e9nes somos En Ingeagro S.A., somos un equipo multidisciplinario liderado por ingenieros y t\u00e9cnicos electr\u00f3nicos apasionados por la transformaci\u00f3n tecnol\u00f3gica. Con una trayectoria consolidada en la agroindustria y el sector sanitario, nos especializamos en convertir desaf\u00edos complejos en soluciones eficientes. No solo integramos sistemas; creamos tecnolog\u00eda. Controlamos todo el ciclo de valor: desde la investigaci\u00f3n [&hellip;]\" \/>\n<meta property=\"og:url\" content=\"https:\/\/ingeagrosa.com\/en\/nosotros\/\" \/>\n<meta property=\"og:site_name\" content=\"Ingeagro SA Desarrollo de soluciones tecnol\u00f3gicas\" \/>\n<meta property=\"article:modified_time\" content=\"2026-02-19T18:27:51+00:00\" \/>\n<meta property=\"og:image\" content=\"https:\/\/ingeagrosa.com\/wp-content\/uploads\/2026\/02\/equipo.png\" \/>\n\t<meta property=\"og:image:width\" content=\"940\" \/>\n\t<meta property=\"og:image:height\" content=\"788\" \/>\n\t<meta property=\"og:image:type\" content=\"image\/png\" \/>\n<meta name=\"twitter:card\" content=\"summary_large_image\" \/>\n<meta name=\"twitter:label1\" content=\"Est. reading time\" \/>\n\t<meta name=\"twitter:data1\" content=\"2 minutes\" \/>\n<script type=\"application\/ld+json\" class=\"yoast-schema-graph\">{\"@context\":\"https:\\\/\\\/schema.org\",\"@graph\":[{\"@type\":\"WebPage\",\"@id\":\"https:\\\/\\\/ingeagrosa.com\\\/nosotros\\\/\",\"url\":\"https:\\\/\\\/ingeagrosa.com\\\/nosotros\\\/\",\"name\":\"Nosotros - Ingeagro SA Desarrollo de soluciones tecnol\u00f3gicas\",\"isPartOf\":{\"@id\":\"https:\\\/\\\/ingeagrosa.com\\\/#website\"},\"primaryImageOfPage\":{\"@id\":\"https:\\\/\\\/ingeagrosa.com\\\/nosotros\\\/#primaryimage\"},\"image\":{\"@id\":\"https:\\\/\\\/ingeagrosa.com\\\/nosotros\\\/#primaryimage\"},\"thumbnailUrl\":\"https:\\\/\\\/ingeagrosa.com\\\/wp-content\\\/uploads\\\/2026\\\/02\\\/equipo.png\",\"datePublished\":\"2026-01-12T13:59:03+00:00\",\"dateModified\":\"2026-02-19T18:27:51+00:00\",\"breadcrumb\":{\"@id\":\"https:\\\/\\\/ingeagrosa.com\\\/nosotros\\\/#breadcrumb\"},\"inLanguage\":\"en-US\",\"potentialAction\":[{\"@type\":\"ReadAction\",\"target\":[\"https:\\\/\\\/ingeagrosa.com\\\/nosotros\\\/\"]}]},{\"@type\":\"ImageObject\",\"inLanguage\":\"en-US\",\"@id\":\"https:\\\/\\\/ingeagrosa.com\\\/nosotros\\\/#primaryimage\",\"url\":\"https:\\\/\\\/ingeagrosa.com\\\/wp-content\\\/uploads\\\/2026\\\/02\\\/equipo.png\",\"contentUrl\":\"https:\\\/\\\/ingeagrosa.com\\\/wp-content\\\/uploads\\\/2026\\\/02\\\/equipo.png\"},{\"@type\":\"BreadcrumbList\",\"@id\":\"https:\\\/\\\/ingeagrosa.com\\\/nosotros\\\/#breadcrumb\",\"itemListElement\":[{\"@type\":\"ListItem\",\"position\":1,\"name\":\"Portada\",\"item\":\"https:\\\/\\\/ingeagrosa.com\\\/\"},{\"@type\":\"ListItem\",\"position\":2,\"name\":\"Nosotros\"}]},{\"@type\":\"WebSite\",\"@id\":\"https:\\\/\\\/ingeagrosa.com\\\/#website\",\"url\":\"https:\\\/\\\/ingeagrosa.com\\\/\",\"name\":\"Ingeagro SA Desarrollo de soluciones tecnol\u00f3gicas\",\"description\":\"Redefine la protecci\u00f3n de cosechas y postcosecha con tecnolog\u00eda avanzada\",\"publisher\":{\"@id\":\"https:\\\/\\\/ingeagrosa.com\\\/#organization\"},\"potentialAction\":[{\"@type\":\"SearchAction\",\"target\":{\"@type\":\"EntryPoint\",\"urlTemplate\":\"https:\\\/\\\/ingeagrosa.com\\\/?s={search_term_string}\"},\"query-input\":{\"@type\":\"PropertyValueSpecification\",\"valueRequired\":true,\"valueName\":\"search_term_string\"}}],\"inLanguage\":\"en-US\"},{\"@type\":\"Organization\",\"@id\":\"https:\\\/\\\/ingeagrosa.com\\\/#organization\",\"name\":\"Ingeagro SA Desarrollo de soluciones tecnol\u00f3gicas\",\"url\":\"https:\\\/\\\/ingeagrosa.com\\\/\",\"logo\":{\"@type\":\"ImageObject\",\"inLanguage\":\"en-US\",\"@id\":\"https:\\\/\\\/ingeagrosa.com\\\/#\\\/schema\\\/logo\\\/image\\\/\",\"url\":\"https:\\\/\\\/ingeagrosa.com\\\/wp-content\\\/uploads\\\/2024\\\/05\\\/logocolor.svg\",\"contentUrl\":\"https:\\\/\\\/ingeagrosa.com\\\/wp-content\\\/uploads\\\/2024\\\/05\\\/logocolor.svg\",\"width\":566,\"height\":100,\"caption\":\"Ingeagro SA Desarrollo de soluciones tecnol\u00f3gicas\"},\"image\":{\"@id\":\"https:\\\/\\\/ingeagrosa.com\\\/#\\\/schema\\\/logo\\\/image\\\/\"},\"sameAs\":[\"https:\\\/\\\/www.linkedin.com\\\/company\\\/ingeagro_sa\\\/\",\"https:\\\/\\\/www.instagram.com\\\/ingeagro_sa\"]}]}<\/script>\n<!-- \/ Yoast SEO plugin. -->","yoast_head_json":{"title":"Nosotros - Ingeagro SA Desarrollo de soluciones tecnol\u00f3gicas","robots":{"index":"index","follow":"follow","max-snippet":"max-snippet:-1","max-image-preview":"max-image-preview:large","max-video-preview":"max-video-preview:-1"},"canonical":"https:\/\/ingeagrosa.com\/en\/nosotros\/","og_locale":"en_US","og_type":"article","og_title":"Nosotros - Ingeagro SA Desarrollo de soluciones tecnol\u00f3gicas","og_description":"Qui\u00e9nes somos En Ingeagro S.A., somos un equipo multidisciplinario liderado por ingenieros y t\u00e9cnicos electr\u00f3nicos apasionados por la transformaci\u00f3n tecnol\u00f3gica. Con una trayectoria consolidada en la agroindustria y el sector sanitario, nos especializamos en convertir desaf\u00edos complejos en soluciones eficientes. No solo integramos sistemas; creamos tecnolog\u00eda. Controlamos todo el ciclo de valor: desde la investigaci\u00f3n [&hellip;]","og_url":"https:\/\/ingeagrosa.com\/en\/nosotros\/","og_site_name":"Ingeagro SA Desarrollo de soluciones tecnol\u00f3gicas","article_modified_time":"2026-02-19T18:27:51+00:00","og_image":[{"width":940,"height":788,"url":"https:\/\/ingeagrosa.com\/wp-content\/uploads\/2026\/02\/equipo.png","type":"image\/png"}],"twitter_card":"summary_large_image","twitter_misc":{"Est. reading time":"2 minutes"},"schema":{"@context":"https:\/\/schema.org","@graph":[{"@type":"WebPage","@id":"https:\/\/ingeagrosa.com\/nosotros\/","url":"https:\/\/ingeagrosa.com\/nosotros\/","name":"Nosotros - Ingeagro SA Desarrollo de soluciones tecnol\u00f3gicas","isPartOf":{"@id":"https:\/\/ingeagrosa.com\/#website"},"primaryImageOfPage":{"@id":"https:\/\/ingeagrosa.com\/nosotros\/#primaryimage"},"image":{"@id":"https:\/\/ingeagrosa.com\/nosotros\/#primaryimage"},"thumbnailUrl":"https:\/\/ingeagrosa.com\/wp-content\/uploads\/2026\/02\/equipo.png","datePublished":"2026-01-12T13:59:03+00:00","dateModified":"2026-02-19T18:27:51+00:00","breadcrumb":{"@id":"https:\/\/ingeagrosa.com\/nosotros\/#breadcrumb"},"inLanguage":"en-US","potentialAction":[{"@type":"ReadAction","target":["https:\/\/ingeagrosa.com\/nosotros\/"]}]},{"@type":"ImageObject","inLanguage":"en-US","@id":"https:\/\/ingeagrosa.com\/nosotros\/#primaryimage","url":"https:\/\/ingeagrosa.com\/wp-content\/uploads\/2026\/02\/equipo.png","contentUrl":"https:\/\/ingeagrosa.com\/wp-content\/uploads\/2026\/02\/equipo.png"},{"@type":"BreadcrumbList","@id":"https:\/\/ingeagrosa.com\/nosotros\/#breadcrumb","itemListElement":[{"@type":"ListItem","position":1,"name":"Portada","item":"https:\/\/ingeagrosa.com\/"},{"@type":"ListItem","position":2,"name":"Nosotros"}]},{"@type":"WebSite","@id":"https:\/\/ingeagrosa.com\/#website","url":"https:\/\/ingeagrosa.com\/","name":"Ingeagro SA Desarrollo de soluciones tecnol\u00f3gicas","description":"Redefine la protecci\u00f3n de cosechas y postcosecha con tecnolog\u00eda avanzada","publisher":{"@id":"https:\/\/ingeagrosa.com\/#organization"},"potentialAction":[{"@type":"SearchAction","target":{"@type":"EntryPoint","urlTemplate":"https:\/\/ingeagrosa.com\/?s={search_term_string}"},"query-input":{"@type":"PropertyValueSpecification","valueRequired":true,"valueName":"search_term_string"}}],"inLanguage":"en-US"},{"@type":"Organization","@id":"https:\/\/ingeagrosa.com\/#organization","name":"Ingeagro SA Desarrollo de soluciones tecnol\u00f3gicas","url":"https:\/\/ingeagrosa.com\/","logo":{"@type":"ImageObject","inLanguage":"en-US","@id":"https:\/\/ingeagrosa.com\/#\/schema\/logo\/image\/","url":"https:\/\/ingeagrosa.com\/wp-content\/uploads\/2024\/05\/logocolor.svg","contentUrl":"https:\/\/ingeagrosa.com\/wp-content\/uploads\/2024\/05\/logocolor.svg","width":566,"height":100,"caption":"Ingeagro SA Desarrollo de soluciones tecnol\u00f3gicas"},"image":{"@id":"https:\/\/ingeagrosa.com\/#\/schema\/logo\/image\/"},"sameAs":["https:\/\/www.linkedin.com\/company\/ingeagro_sa\/","https:\/\/www.instagram.com\/ingeagro_sa"]}]}},"_links":{"self":[{"href":"https:\/\/ingeagrosa.com\/en\/wp-json\/wp\/v2\/pages\/5506","targetHints":{"allow":["GET"]}}],"collection":[{"href":"https:\/\/ingeagrosa.com\/en\/wp-json\/wp\/v2\/pages"}],"about":[{"href":"https:\/\/ingeagrosa.com\/en\/wp-json\/wp\/v2\/types\/page"}],"author":[{"embeddable":true,"href":"https:\/\/ingeagrosa.com\/en\/wp-json\/wp\/v2\/users\/2"}],"replies":[{"embeddable":true,"href":"https:\/\/ingeagrosa.com\/en\/wp-json\/wp\/v2\/comments?post=5506"}],"version-history":[{"count":15,"href":"https:\/\/ingeagrosa.com\/en\/wp-json\/wp\/v2\/pages\/5506\/revisions"}],"predecessor-version":[{"id":5704,"href":"https:\/\/ingeagrosa.com\/en\/wp-json\/wp\/v2\/pages\/5506\/revisions\/5704"}],"wp:attachment":[{"href":"https:\/\/ingeagrosa.com\/en\/wp-json\/wp\/v2\/media?parent=5506"}],"curies":[{"name":"wp","href":"https:\/\/api.w.org\/{rel}","templated":true}]}}